{"id":4555,"date":"2022-11-02T15:12:58","date_gmt":"2022-11-02T14:12:58","guid":{"rendered":"https:\/\/ewavemallorca.com\/memberships\/"},"modified":"2025-06-20T12:21:22","modified_gmt":"2025-06-20T10:21:22","slug":"habitaciones-de-coliving-en-mallorca","status":"publish","type":"page","link":"https:\/\/ewavecoliving.com\/es\/habitaciones-de-coliving-en-mallorca\/","title":{"rendered":"Habitaciones"},"content":{"rendered":"<div class=\"wpb-content-wrapper\"><p>[vc_row equal_height=\u00bbyes\u00bb content_placement=\u00bbmiddle\u00bb canvas=\u00bb%5B%7B%22shape%22%3A%22shape-1%22%2C%22image_effect%22%3A%22style-1%22%2C%22smoothness%22%3A%2230%22%7D%5D\u00bb css=\u00bb.vc_custom_1667391166139{background-color: #f2ece1 !important;}\u00bb][vc_column width=\u00bb1\/3&#8243; css=\u00bb.vc_custom_1669222730828{margin-right: 25px !important;margin-left: 25px !important;}\u00bb]<div class=\"deeper-spacer clearfix\" data-config='{\"desktop\":40,\"mobile\":30,\"smobile\":30}'><\/div>[vc_column_text css=\u00bb\u00bb]<\/p>\n<h3 class=\"QuickNavstyles__Heading-sc-1g5y5k8-0 bnmIMz\">Opciones de coliving para tu estilo de vida<\/h3>\n<p>[\/vc_column_text]<div class=\"deeper-text align-left \" style=\"font-size:16px;color:#000000;font-family:Open Sans;\" ><p style=\"text-align: left;\">Casa Tramuntana tiene varias opciones de hospedaje entre ellas habitaciones simples, dobles, con ba\u00f1o propio o a compartir adem\u00e1s de un estudio con cocina y ba\u00f1o propio, ponte en contacto con nosotros por <a href=\"mailto: info@ewavemallorca.com\">correo electr\u00f3nico<\/a> o por <a href=\"tel:675323931\">tel\u00e9fono<\/a>.<\/span>\n<\/div><div class=\"deeper-spacer clearfix\" data-config='{\"desktop\":20,\"mobile\":20,\"smobile\":20}'><\/div>[vc_btn title=\u00bbCOMIENZA AHORA\u00bb style=\u00bboutline-custom\u00bb outline_custom_color=\u00bb#0099d4&#8243; outline_custom_hover_background=\u00bb#666666&#8243; outline_custom_hover_text=\u00bb#ffffff\u00bb shape=\u00bbsquare\u00bb css=\u00bb\u00bb link=\u00bburl:https%3A%2F%2Fewavecoliving.com%2Fes%2Fcoliving-mallorca-informacion%2F|title:Coliving%20Enquire|target:_blank\u00bb]<div class=\"deeper-spacer clearfix\" data-config='{\"desktop\":40,\"mobile\":30,\"smobile\":30}'><\/div>[\/vc_column][vc_column width=\u00bb2\/3&#8243; css=\u00bb.vc_custom_1750414878117{background-image: url(https:\/\/ewavecoliving.com\/wp-content\/uploads\/2025\/06\/studio-suite-ewave-coliving-mallorca-6.jpg?id=5105) !important;background-position: center !important;background-repeat: no-repeat !important;background-size: cover !important;}\u00bb]<div class=\"deeper-spacer clearfix\" data-config='{\"desktop\":200,\"mobile\":150,\"smobile\":150}'><\/div>[vc_empty_space height=\u00bb200px\u00bb][\/vc_column][\/vc_row][vc_row content_placement=\u00bbmiddle\u00bb canvas=\u00bb%5B%7B%22shape%22%3A%22shape-1%22%2C%22image_effect%22%3A%22style-1%22%2C%22smoothness%22%3A%2230%22%7D%5D\u00bb css=\u00bb.vc_custom_1667391623489{background-color: #0099d4 !important;}\u00bb][vc_column width=\u00bb1\/4&#8243;][\/vc_column][vc_column width=\u00bb1\/6&#8243;][vc_empty_space height=\u00bb22px\u00bb]<h2 class=\"deeper-text align-center \" style=\"font-size:16px;line-height:10px;margin-bottom:0px;color:#ffffff;\" ><p style=\"text-align: center;\">DOBLE<\/span>\n<\/h2>[vc_empty_space height=\u00bb22px\u00bb][\/vc_column][vc_column width=\u00bb1\/6&#8243;][vc_empty_space height=\u00bb22px\u00bb]<h2 class=\"deeper-text align-center \" style=\"font-size:16px;line-height:10px;margin-bottom:0px;color:#ffffff;\" ><p style=\"text-align: center;\">SIMPLE<\/span>\n<\/h2>[vc_empty_space height=\u00bb22px\u00bb][\/vc_column][vc_column width=\u00bb1\/6&#8243;][vc_empty_space height=\u00bb22px\u00bb]<h2 class=\"deeper-text align-center \" style=\"font-size:16px;line-height:10px;margin-bottom:0px;color:#ffffff;\" ><p style=\"text-align: center;\">SUITE<\/span>\n<\/h2>[vc_empty_space height=\u00bb22px\u00bb][\/vc_column][vc_column width=\u00bb1\/4&#8243;][\/vc_column][\/vc_row][vc_row][vc_column]<div class=\"deeper-spacer clearfix\" data-config='{\"desktop\":80,\"mobile\":80,\"smobile\":60}'><\/div>[\/vc_column][vc_column width=\u00bb1\/2&#8243;]<h2 class=\"deeper-text align-left  wow fadeInUp\" style=\"font-size:36px;line-height:56px;margin-bottom:30px;\"  data-wow-duration=\"0.75s\" data-wow-delay=\"0.3s\"><h2>Habitaciones<\/h2>\n<\/h2><div class=\"deeper-text align-left  text-has-width wow fadeInUp\" style=\"margin-bottom:0px;max-width:560px;\"  data-wow-duration=\"0.75s\" data-wow-delay=\"0.3s\"><p class=\"\" data-start=\"2086\" data-end=\"2248\">Cada habitaci\u00f3n en Ewave est\u00e1 pensada para que te sientas en casa desde el primer d\u00eda. Privadas, c\u00f3modas, con estilo mallorqu\u00edn y ese toque cool que nos define. Disponemos de varias opciones para adaptarnos a tu forma de vivir:<\/span>\n<\/div><div class=\"deeper-spacer clearfix\" data-config='{\"desktop\":90,\"mobile\":70,\"smobile\":50}'><\/div>[vc_tta_accordion shape=\u00bbsquare\u00bb color=\u00bbchino\u00bb c_icon=\u00bbchevron\u00bb active_section=\u00bb1&#8243; collapsible_all=\u00bbtrue\u00bb css=\u00bb.vc_custom_1749498251061{padding-top: 25px !important;padding-right: 25px !important;padding-bottom: 25px !important;padding-left: 25px !important;background-image: url(https:\/\/ewavemallorca.com\/wp-content\/uploads\/2022\/11\/river-water-ground-texture-free-scaled.jpg?id=3190) !important;}\u00bb][vc_tta_section title=\u00bb\ud83d\udecf Habitaci\u00f3n Doble con Ba\u00f1o Compartido\u00bb tab_id=\u00bb1668019315652-a8e2d210-017fbab1-b64c\u00bb]<h2 class=\"deeper-text align-left \" style=\"font-size:15px;\" ><h3 class=\"\" data-start=\"935\" data-end=\"1007\">C\u00f3moda y con buena vibra<\/h3>\n<p class=\"\" data-start=\"1008\" data-end=\"1284\">Una opci\u00f3n accesible y s\u00faper c\u00f3moda para compartir la experiencia Ewave.<br data-start=\"1080\" data-end=\"1083\" \/>Habitaci\u00f3n doble con decoraci\u00f3n simple y bonita, y <strong data-start=\"1134\" data-end=\"1173\">ba\u00f1o compartido con otra habitaci\u00f3n<\/strong>.<br data-start=\"1174\" data-end=\"1177\" \/>Un equilibrio entre privacidad y vida compartida.<br data-start=\"1226\" data-end=\"1229\" \/>\ud83d\udcac <em data-start=\"1232\" data-end=\"1284\">Perfecta para sociables que valoran el buen rollo.<\/em><\/span>\n<\/h2><h2 class=\"deeper-text align-left \" style=\"font-size:20px;color:#3d82bf;\" ><span><span style=\"font-weight: 400;\">M\u00c1S INFO<\/span><\/span>\n<\/h2>[\/vc_tta_section][\/vc_tta_accordion][vc_tta_accordion shape=\u00bbsquare\u00bb color=\u00bbchino\u00bb c_icon=\u00bbchevron\u00bb active_section=\u00bb1&#8243; collapsible_all=\u00bbtrue\u00bb css=\u00bb.vc_custom_1749498282067{padding-top: 25px !important;padding-right: 25px !important;padding-bottom: 25px !important;padding-left: 25px !important;background-image: url(https:\/\/ewavemallorca.com\/wp-content\/uploads\/2022\/11\/river-water-ground-texture-free-scaled.jpg?id=3190) !important;}\u00bb][vc_tta_section title=\u00bb\ud83d\udecf Habitaci\u00f3n Simple con Ba\u00f1o Compartido\u00bb tab_id=\u00bb1668019314754-c2bd1d2d-1d0bbab1-b64c\u00bb]<h2 class=\"deeper-text align-left \" style=\"font-size:15px;\" ><h3 class=\"\" data-start=\"1291\" data-end=\"1359\">Tu espacio esencial<\/h3>\n<p class=\"\" data-start=\"1360\" data-end=\"1654\">Una habitaci\u00f3n individual pensada para quienes buscan una experiencia minimalista, acogedora y con lo justo.<br data-start=\"1468\" data-end=\"1471\" \/><strong data-start=\"1471\" data-end=\"1510\">Ba\u00f1o compartido con otra habitaci\u00f3n<\/strong>, cama individual, zona de trabajo y la misma esencia c\u00e1lida que define Ewave.<br data-start=\"1588\" data-end=\"1591\" \/>\ud83c\udf19 <em data-start=\"1594\" data-end=\"1654\">Ideal para estancias cortas o para quienes viajan ligeros.<\/em><\/span>\n<\/h2><h2 class=\"deeper-text align-left \" style=\"font-size:20px;color:#3d82bf;\" ><span><span style=\"font-weight: 400;\">M\u00c1S INFO<\/span><\/span>\n<\/h2>[\/vc_tta_section][\/vc_tta_accordion][\/vc_column][vc_column width=\u00bb1\/2&#8243;][vc_tta_accordion shape=\u00bbsquare\u00bb color=\u00bbchino\u00bb c_icon=\u00bbchevron\u00bb active_section=\u00bb1&#8243; collapsible_all=\u00bbtrue\u00bb css=\u00bb.vc_custom_1749498223225{padding-top: 25px !important;padding-right: 25px !important;padding-bottom: 25px !important;padding-left: 25px !important;background-image: url(https:\/\/ewavemallorca.com\/wp-content\/uploads\/2022\/11\/river-water-ground-texture-free-scaled.jpg?id=3190) !important;}\u00bb][vc_tta_section title=\u00bb\ud83d\udecf Habitaci\u00f3n en Suite\u00bb tab_id=\u00bb1668015945654-dae6d0bb-4415bab1-b64c\u00bb]<h2 class=\"deeper-text align-left \" style=\"font-size:15px;\" ><h3 data-start=\"225\" data-end=\"541\"><strong>Comodidad total y privacidad.<\/strong><\/h3>\n<p data-start=\"225\" data-end=\"541\">Tu refugio personal dentro de Casa Tramuntana. Esta habitaci\u00f3n doble cuenta con <strong data-start=\"299\" data-end=\"324\">ba\u00f1o privado en suite<\/strong>, cama c\u00f3moda, escritorio de trabajo y decoraci\u00f3n con esencia mediterr\u00e1nea. Ideal para quienes buscan confort y autonom\u00eda, sin renunciar a la vida en comunidad.<br data-start=\"484\" data-end=\"487\" \/>\u2728 <em data-start=\"489\" data-end=\"541\">Perfecta para estancias largas y rutinas con flow.<\/em><\/span>\n<\/h2><h2 class=\"deeper-text align-left \" style=\"font-size:20px;color:#3d82bf;\" ><span><a href=\"https:\/\/ewavecoliving.com\/es\/habitacion-en-suite\/\"><span style=\"font-weight: 400;\">M\u00c1S INFO<\/span><\/a><\/span>\n<\/h2>[\/vc_tta_section][\/vc_tta_accordion][vc_tta_accordion shape=\u00bbsquare\u00bb color=\u00bbchino\u00bb c_icon=\u00bbchevron\u00bb active_section=\u00bb1&#8243; collapsible_all=\u00bbtrue\u00bb css=\u00bb.vc_custom_1749498265536{padding-top: 25px !important;padding-right: 25px !important;padding-bottom: 25px !important;padding-left: 25px !important;background-image: url(https:\/\/ewavemallorca.com\/wp-content\/uploads\/2022\/11\/river-water-ground-texture-free-scaled.jpg?id=3190) !important;}\u00bb][vc_tta_section title=\u00bb\ud83d\udecf Habitaci\u00f3n Doble con Ba\u00f1o Privado\u00bb tab_id=\u00bb1668019324876-df85446e-c324bab1-b64c\u00bb]<h2 class=\"deeper-text align-left \" style=\"font-size:15px;\" ><h3 class=\"\" data-start=\"548\" data-end=\"627\">Espacio privado, estilo compartido<\/h3>\n<p class=\"\" data-start=\"628\" data-end=\"928\">Una habitaci\u00f3n amplia, luminosa y acogedora, con <strong data-start=\"677\" data-end=\"693\">ba\u00f1o privado<\/strong> justo al lado de la habitaci\u00f3n (no en suite).<br data-start=\"739\" data-end=\"742\" \/>Disfruta de tu intimidad con el equilibrio perfecto entre independencia y conexi\u00f3n con la comunidad.<br data-start=\"842\" data-end=\"845\" \/>\ud83c\udf3f <em data-start=\"848\" data-end=\"928\">Ideal para quienes quieren su propio espacio sin perderse la energ\u00eda de Ewave.<\/em><\/span>\n<\/h2><h2 class=\"deeper-text align-left \" style=\"font-size:20px;color:#3d82bf;\" ><span><span style=\"font-weight: 400;\">M\u00c1S INFO<\/span><\/span>\n<\/h2>[\/vc_tta_section][\/vc_tta_accordion]<div class=\"deeper-spacer clearfix\" data-config='{\"desktop\":90,\"mobile\":50,\"smobile\":50}'><\/div><div class=\"deeper-parallax-box \"><div class=\"parallax-wrap\"><div class=\" wow fadeInDown\"  data-wow-duration=\"0.75s\" data-wow-delay=\"0.3s\">\r\n\t\t\t\t\t\t<div class=\"deeper-parallax-item  has-width\" style=\"left:auto;right:-30px;margin-top:-20px;width:82.456%;border-radius:10px;\" data-parallax='{ \"x\": -50, \"smoothness\": 30 }' data-top=\"-20px\">\r\n\t\t\t\t\t\t \t<div class=\"inner\">\r\n\t\t\t\t\t\t \t\t<img decoding=\"async\" class=\"parallax-image\" src=\"https:\/\/ewavecoliving.com\/wp-content\/uploads\/2025\/05\/65A5E8B0-A77F-4E55-82E3-E3FD1083288D_1_105_c.jpeg\" alt=\"image\">\r\n\t\t\t\t\t\t \t<\/div>\r\n\t\t\t\t\t\t<\/div>\r\n\t\t\t\t\t<\/div><div class=\" wow fadeInLeft\"  data-wow-duration=\"0.75s\" data-wow-delay=\"0.3s\">\r\n\t\t\t\t\t\t<div class=\"deeper-parallax-item  has-width\" style=\"left:-30px;margin-top:20%;width:52.632%;border-radius:10px;box-shadow:0 30px 70px 0 rgba(158,178,183,0.7);\" data-parallax='{ \"x\": 50, \"smoothness\": 30 }' data-top=\"20%\">\r\n\t\t\t\t\t\t \t<div class=\"inner\">\r\n\t\t\t\t\t\t \t\t<img decoding=\"async\" class=\"parallax-image\" src=\"https:\/\/ewavecoliving.com\/wp-content\/uploads\/2025\/05\/Casa-Tramuntana-Coliving-ewave-mallorca-room-cut.jpeg\" alt=\"image\">\r\n\t\t\t\t\t\t \t<\/div>\r\n\t\t\t\t\t\t<\/div>\r\n\t\t\t\t\t<\/div><\/div><\/div>[\/vc_column][\/vc_row][vc_row][vc_column]<div class=\"deeper-spacer clearfix\" data-config='{\"desktop\":100,\"mobile\":60,\"smobile\":60}'><\/div>[\/vc_column][\/vc_row][vc_row canvas=\u00bb%5B%7B%22shape%22%3A%22shape-1%22%2C%22image_effect%22%3A%22style-1%22%2C%22smoothness%22%3A%2230%22%7D%5D\u00bb css=\u00bb.vc_custom_1667401917981{border-right-width: 35px !important;border-left-width: 35px !important;padding-right: 35px !important;padding-left: 35px !important;background-color: #3a3a3a !important;}\u00bb][vc_column][vc_empty_space height=\u00bb52px\u00bb]<h2 class=\"deeper-text align-center  mobile-font-size-30\" style=\"font-size:20px;color:#e6e8e1;\" ><p class=\"Applystyles__Heading-sc-1many68-1 byHBCZ\" style=\"text-align: center;\">HAZTE MIEMBRO<\/span>\n<\/h2><h2 class=\"deeper-text align-center \" style=\"font-size:25px;color:#e6e8e1;font-family:Open Sans;\" ><span>Vivir en un\u00a0<strong data-start=\"367\" data-end=\"390\">coliving como eWave<\/strong> es abrirte a una experiencia que va m\u00e1s all\u00e1 del alojamiento. Es elegir un estilo de vida donde la\u00a0<strong data-start=\"492\" data-end=\"505\">comunidad<\/strong>\u00a0es parte esencial de tu d\u00eda a d\u00eda y donde cada conexi\u00f3n puede transformar tu camino personal y profesional.<\/span>\n<span><strong data-start=\"618\" data-end=\"696\">Aqu\u00ed no solo compartes casa. Compartes ideas, talentos, apoyo y proyectos.<\/strong><\/span>\n<\/h2>[vc_btn title=\u00bb\ud83c\udfc4\u200d\u2642\ufe0f SUBE A LA OLA!\u00bb style=\u00bboutline-custom\u00bb outline_custom_color=\u00bb#e6e8e1&#8243; outline_custom_hover_background=\u00bb#ffffff\u00bb outline_custom_hover_text=\u00bb#2192d3&#8243; shape=\u00bbsquare\u00bb align=\u00bbcenter\u00bb css=\u00bb\u00bb link=\u00bburl:https%3A%2F%2Fewavecoliving.com%2Fes%2Fcoliving-mallorca-informacion%2F|title:Coliving%20Enquire|target:_blank\u00bb][vc_empty_space][\/vc_column][\/vc_row][vc_row][vc_column]<div class=\"deeper-spacer clearfix\" data-config='{\"desktop\":120,\"mobile\":120,\"smobile\":90}'><\/div>[vc_single_image image=\u00bb4926&#8243; img_size=\u00bbfull\u00bb alignment=\u00bbcenter\u00bb css=\u00bb\u00bb]<div class=\"deeper-spacer clearfix\" data-config='{\"desktop\":70,\"mobile\":40,\"smobile\":30}'><\/div>[\/vc_column][\/vc_row]<\/p>\n<\/div>","protected":false},"excerpt":{"rendered":"<p>[vc_row equal_height=\u00bbyes\u00bb content_placement=\u00bbmiddle\u00bb canvas=\u00bb%5B%7B%22shape%22%3A%22shape-1%22%2C%22image_effect%22%3A%22style-1%22%2C%22smoothness%22%3A%2230%22%7D%5D\u00bb css=\u00bb.vc_custom_1667391166139{background-color: #f2ece1 !important;}\u00bb][vc_column width=\u00bb1\/3&#8243; css=\u00bb.vc_custom_1669222730828{margin-right: 25px !important;margin-left: 25px !important;}\u00bb][vc_column_text css=\u00bb\u00bb] Opciones de coliving para tu estilo de vida [\/vc_column_text][vc_btn title=\u00bbCOMIENZA AHORA\u00bb style=\u00bboutline-custom\u00bb outline_custom_color=\u00bb#0099d4&#8243; outline_custom_hover_background=\u00bb#666666&#8243; outline_custom_hover_text=\u00bb#ffffff\u00bb shape=\u00bbsquare\u00bb css=\u00bb\u00bb link=\u00bburl:https%3A%2F%2Fewavecoliving.com%2Fes%2Fcoliving-mallorca-informacion%2F|title:Coliving%20Enquire|target:_blank\u00bb][\/vc_column][vc_column width=\u00bb2\/3&#8243; css=\u00bb.vc_custom_1750414878117{background-image: url(https:\/\/ewavecoliving.com\/wp-content\/uploads\/2025\/06\/studio-suite-ewave-coliving-mallorca-6.jpg?id=5105) !important;background-position: center !important;background-repeat: no-repeat !important;background-size: cover !important;}\u00bb][vc_empty_space height=\u00bb200px\u00bb][\/vc_column][\/vc_row][vc_row content_placement=\u00bbmiddle\u00bb canvas=\u00bb%5B%7B%22shape%22%3A%22shape-1%22%2C%22image_effect%22%3A%22style-1%22%2C%22smoothness%22%3A%2230%22%7D%5D\u00bb css=\u00bb.vc_custom_1667391623489{background-color: #0099d4 !important;}\u00bb][vc_column width=\u00bb1\/4&#8243;][\/vc_column][vc_column width=\u00bb1\/6&#8243;][vc_empty_space<\/p>\n","protected":false},"author":1,"featured_media":5042,"parent":0,"menu_order":0,"comment_status":"closed","ping_status":"closed","template":"","meta":{"_monsterinsights_skip_tracking":false,"_monsterinsights_sitenote_active":false,"_monsterinsights_sitenote_note":"","_monsterinsights_sitenote_category":0,"footnotes":""},"class_list":["post-4555","page","type-page","status-publish","has-post-thumbnail","hentry"],"yoast_head":"<!-- This site is optimized with the Yoast SEO plugin v25.3 - https:\/\/yoast.com\/wordpress\/plugins\/seo\/ -->\n<title>Habitaciones Mejores planes de Coworking en Palma - eWave Coliving<\/title>\n<meta name=\"description\" content=\"Tenemos los mejores planes de coworking en Mallorca, todo incluido, adecuados para todo tipo de trabajos. (en remoto, h\u00edbrido, presencial)\" \/>\n<meta name=\"robots\" content=\"index, follow, max-snippet:-1, max-image-preview:large, max-video-preview:-1\" \/>\n<link rel=\"canonical\" href=\"https:\/\/ewavecoliving.com\/es\/habitaciones-de-coliving-en-mallorca\/\" \/>\n<meta property=\"og:locale\" content=\"es_ES\" \/>\n<meta property=\"og:type\" content=\"article\" \/>\n<meta property=\"og:title\" content=\"Habitaciones Mejores planes de Coworking en Palma - eWave Coliving\" \/>\n<meta property=\"og:description\" content=\"Tenemos los mejores planes de coworking en Mallorca, todo incluido, adecuados para todo tipo de trabajos. (en remoto, h\u00edbrido, presencial)\" \/>\n<meta property=\"og:url\" content=\"https:\/\/ewavecoliving.com\/es\/habitaciones-de-coliving-en-mallorca\/\" \/>\n<meta property=\"og:site_name\" content=\"eWave Coliving\" \/>\n<meta property=\"article:publisher\" content=\"https:\/\/www.facebook.com\/profile.php?id=100091211139705\" \/>\n<meta property=\"article:modified_time\" content=\"2025-06-20T10:21:22+00:00\" \/>\n<meta property=\"og:image\" content=\"https:\/\/ewavecoliving.com\/wp-content\/uploads\/2025\/06\/header-ewave-coliving-mallorca.jpg\" \/>\n\t<meta property=\"og:image:width\" content=\"900\" \/>\n\t<meta property=\"og:image:height\" content=\"725\" \/>\n\t<meta property=\"og:image:type\" content=\"image\/jpeg\" \/>\n<meta name=\"twitter:card\" content=\"summary_large_image\" \/>\n<meta name=\"twitter:label1\" content=\"Tiempo de lectura\" \/>\n\t<meta name=\"twitter:data1\" content=\"4 minutos\" \/>\n<script type=\"application\/ld+json\" class=\"yoast-schema-graph\">{\"@context\":\"https:\/\/schema.org\",\"@graph\":[{\"@type\":\"WebPage\",\"@id\":\"https:\/\/ewavecoliving.com\/es\/habitaciones-de-coliving-en-mallorca\/\",\"url\":\"https:\/\/ewavecoliving.com\/es\/habitaciones-de-coliving-en-mallorca\/\",\"name\":\"Habitaciones Mejores planes de Coworking en Palma - eWave Coliving\",\"isPartOf\":{\"@id\":\"https:\/\/ewavecoliving.com\/#website\"},\"primaryImageOfPage\":{\"@id\":\"https:\/\/ewavecoliving.com\/es\/habitaciones-de-coliving-en-mallorca\/#primaryimage\"},\"image\":{\"@id\":\"https:\/\/ewavecoliving.com\/es\/habitaciones-de-coliving-en-mallorca\/#primaryimage\"},\"thumbnailUrl\":\"https:\/\/ewavecoliving.com\/wp-content\/uploads\/2025\/06\/header-ewave-coliving-mallorca.jpg\",\"datePublished\":\"2022-11-02T14:12:58+00:00\",\"dateModified\":\"2025-06-20T10:21:22+00:00\",\"description\":\"Tenemos los mejores planes de coworking en Mallorca, todo incluido, adecuados para todo tipo de trabajos. (en remoto, h\u00edbrido, presencial)\",\"breadcrumb\":{\"@id\":\"https:\/\/ewavecoliving.com\/es\/habitaciones-de-coliving-en-mallorca\/#breadcrumb\"},\"inLanguage\":\"es\",\"potentialAction\":[{\"@type\":\"ReadAction\",\"target\":[\"https:\/\/ewavecoliving.com\/es\/habitaciones-de-coliving-en-mallorca\/\"]}]},{\"@type\":\"ImageObject\",\"inLanguage\":\"es\",\"@id\":\"https:\/\/ewavecoliving.com\/es\/habitaciones-de-coliving-en-mallorca\/#primaryimage\",\"url\":\"https:\/\/ewavecoliving.com\/wp-content\/uploads\/2025\/06\/header-ewave-coliving-mallorca.jpg\",\"contentUrl\":\"https:\/\/ewavecoliving.com\/wp-content\/uploads\/2025\/06\/header-ewave-coliving-mallorca.jpg\",\"width\":900,\"height\":725},{\"@type\":\"BreadcrumbList\",\"@id\":\"https:\/\/ewavecoliving.com\/es\/habitaciones-de-coliving-en-mallorca\/#breadcrumb\",\"itemListElement\":[{\"@type\":\"ListItem\",\"position\":1,\"name\":\"Portada\",\"item\":\"https:\/\/ewavecoliving.com\/es\/\"},{\"@type\":\"ListItem\",\"position\":2,\"name\":\"Habitaciones\"}]},{\"@type\":\"WebSite\",\"@id\":\"https:\/\/ewavecoliving.com\/#website\",\"url\":\"https:\/\/ewavecoliving.com\/\",\"name\":\"eWave Coworking Mallorca\",\"description\":\"Casa Tramuntana\",\"publisher\":{\"@id\":\"https:\/\/ewavecoliving.com\/#organization\"},\"potentialAction\":[{\"@type\":\"SearchAction\",\"target\":{\"@type\":\"EntryPoint\",\"urlTemplate\":\"https:\/\/ewavecoliving.com\/?s={search_term_string}\"},\"query-input\":{\"@type\":\"PropertyValueSpecification\",\"valueRequired\":true,\"valueName\":\"search_term_string\"}}],\"inLanguage\":\"es\"},{\"@type\":\"Organization\",\"@id\":\"https:\/\/ewavecoliving.com\/#organization\",\"name\":\"eWave Mallorca\",\"url\":\"https:\/\/ewavecoliving.com\/\",\"logo\":{\"@type\":\"ImageObject\",\"inLanguage\":\"es\",\"@id\":\"https:\/\/ewavecoliving.com\/#\/schema\/logo\/image\/\",\"url\":\"https:\/\/ewavemallorca.com\/wp-content\/uploads\/2022\/10\/ewave-no-baseline.png\",\"contentUrl\":\"https:\/\/ewavemallorca.com\/wp-content\/uploads\/2022\/10\/ewave-no-baseline.png\",\"width\":1999,\"height\":387,\"caption\":\"eWave Mallorca\"},\"image\":{\"@id\":\"https:\/\/ewavecoliving.com\/#\/schema\/logo\/image\/\"},\"sameAs\":[\"https:\/\/www.facebook.com\/profile.php?id=100091211139705\",\"https:\/\/www.instagram.com\/ewave_mallorca\/\",\"https:\/\/www.linkedin.com\/company\/93342441\/\"]}]}<\/script>\n<!-- \/ Yoast SEO plugin. -->","yoast_head_json":{"title":"Habitaciones Mejores planes de Coworking en Palma - eWave Coliving","description":"Tenemos los mejores planes de coworking en Mallorca, todo incluido, adecuados para todo tipo de trabajos. (en remoto, h\u00edbrido, presencial)","robots":{"index":"index","follow":"follow","max-snippet":"max-snippet:-1","max-image-preview":"max-image-preview:large","max-video-preview":"max-video-preview:-1"},"canonical":"https:\/\/ewavecoliving.com\/es\/habitaciones-de-coliving-en-mallorca\/","og_locale":"es_ES","og_type":"article","og_title":"Habitaciones Mejores planes de Coworking en Palma - eWave Coliving","og_description":"Tenemos los mejores planes de coworking en Mallorca, todo incluido, adecuados para todo tipo de trabajos. (en remoto, h\u00edbrido, presencial)","og_url":"https:\/\/ewavecoliving.com\/es\/habitaciones-de-coliving-en-mallorca\/","og_site_name":"eWave Coliving","article_publisher":"https:\/\/www.facebook.com\/profile.php?id=100091211139705","article_modified_time":"2025-06-20T10:21:22+00:00","og_image":[{"width":900,"height":725,"url":"https:\/\/ewavecoliving.com\/wp-content\/uploads\/2025\/06\/header-ewave-coliving-mallorca.jpg","type":"image\/jpeg"}],"twitter_card":"summary_large_image","twitter_misc":{"Tiempo de lectura":"4 minutos"},"schema":{"@context":"https:\/\/schema.org","@graph":[{"@type":"WebPage","@id":"https:\/\/ewavecoliving.com\/es\/habitaciones-de-coliving-en-mallorca\/","url":"https:\/\/ewavecoliving.com\/es\/habitaciones-de-coliving-en-mallorca\/","name":"Habitaciones Mejores planes de Coworking en Palma - eWave Coliving","isPartOf":{"@id":"https:\/\/ewavecoliving.com\/#website"},"primaryImageOfPage":{"@id":"https:\/\/ewavecoliving.com\/es\/habitaciones-de-coliving-en-mallorca\/#primaryimage"},"image":{"@id":"https:\/\/ewavecoliving.com\/es\/habitaciones-de-coliving-en-mallorca\/#primaryimage"},"thumbnailUrl":"https:\/\/ewavecoliving.com\/wp-content\/uploads\/2025\/06\/header-ewave-coliving-mallorca.jpg","datePublished":"2022-11-02T14:12:58+00:00","dateModified":"2025-06-20T10:21:22+00:00","description":"Tenemos los mejores planes de coworking en Mallorca, todo incluido, adecuados para todo tipo de trabajos. (en remoto, h\u00edbrido, presencial)","breadcrumb":{"@id":"https:\/\/ewavecoliving.com\/es\/habitaciones-de-coliving-en-mallorca\/#breadcrumb"},"inLanguage":"es","potentialAction":[{"@type":"ReadAction","target":["https:\/\/ewavecoliving.com\/es\/habitaciones-de-coliving-en-mallorca\/"]}]},{"@type":"ImageObject","inLanguage":"es","@id":"https:\/\/ewavecoliving.com\/es\/habitaciones-de-coliving-en-mallorca\/#primaryimage","url":"https:\/\/ewavecoliving.com\/wp-content\/uploads\/2025\/06\/header-ewave-coliving-mallorca.jpg","contentUrl":"https:\/\/ewavecoliving.com\/wp-content\/uploads\/2025\/06\/header-ewave-coliving-mallorca.jpg","width":900,"height":725},{"@type":"BreadcrumbList","@id":"https:\/\/ewavecoliving.com\/es\/habitaciones-de-coliving-en-mallorca\/#breadcrumb","itemListElement":[{"@type":"ListItem","position":1,"name":"Portada","item":"https:\/\/ewavecoliving.com\/es\/"},{"@type":"ListItem","position":2,"name":"Habitaciones"}]},{"@type":"WebSite","@id":"https:\/\/ewavecoliving.com\/#website","url":"https:\/\/ewavecoliving.com\/","name":"eWave Coworking Mallorca","description":"Casa Tramuntana","publisher":{"@id":"https:\/\/ewavecoliving.com\/#organization"},"potentialAction":[{"@type":"SearchAction","target":{"@type":"EntryPoint","urlTemplate":"https:\/\/ewavecoliving.com\/?s={search_term_string}"},"query-input":{"@type":"PropertyValueSpecification","valueRequired":true,"valueName":"search_term_string"}}],"inLanguage":"es"},{"@type":"Organization","@id":"https:\/\/ewavecoliving.com\/#organization","name":"eWave Mallorca","url":"https:\/\/ewavecoliving.com\/","logo":{"@type":"ImageObject","inLanguage":"es","@id":"https:\/\/ewavecoliving.com\/#\/schema\/logo\/image\/","url":"https:\/\/ewavemallorca.com\/wp-content\/uploads\/2022\/10\/ewave-no-baseline.png","contentUrl":"https:\/\/ewavemallorca.com\/wp-content\/uploads\/2022\/10\/ewave-no-baseline.png","width":1999,"height":387,"caption":"eWave Mallorca"},"image":{"@id":"https:\/\/ewavecoliving.com\/#\/schema\/logo\/image\/"},"sameAs":["https:\/\/www.facebook.com\/profile.php?id=100091211139705","https:\/\/www.instagram.com\/ewave_mallorca\/","https:\/\/www.linkedin.com\/company\/93342441\/"]}]}},"_links":{"self":[{"href":"https:\/\/ewavecoliving.com\/es\/wp-json\/wp\/v2\/pages\/4555","targetHints":{"allow":["GET"]}}],"collection":[{"href":"https:\/\/ewavecoliving.com\/es\/wp-json\/wp\/v2\/pages"}],"about":[{"href":"https:\/\/ewavecoliving.com\/es\/wp-json\/wp\/v2\/types\/page"}],"author":[{"embeddable":true,"href":"https:\/\/ewavecoliving.com\/es\/wp-json\/wp\/v2\/users\/1"}],"replies":[{"embeddable":true,"href":"https:\/\/ewavecoliving.com\/es\/wp-json\/wp\/v2\/comments?post=4555"}],"version-history":[{"count":23,"href":"https:\/\/ewavecoliving.com\/es\/wp-json\/wp\/v2\/pages\/4555\/revisions"}],"predecessor-version":[{"id":5185,"href":"https:\/\/ewavecoliving.com\/es\/wp-json\/wp\/v2\/pages\/4555\/revisions\/5185"}],"wp:featuredmedia":[{"embeddable":true,"href":"https:\/\/ewavecoliving.com\/es\/wp-json\/wp\/v2\/media\/5042"}],"wp:attachment":[{"href":"https:\/\/ewavecoliving.com\/es\/wp-json\/wp\/v2\/media?parent=4555"}],"curies":[{"name":"wp","href":"https:\/\/api.w.org\/{rel}","templated":true}]}}