{"id":4566,"date":"2022-11-07T17:36:40","date_gmt":"2022-11-07T16:36:40","guid":{"rendered":"https:\/\/ewavemallorca.com\/workspace-enquire\/"},"modified":"2025-06-20T11:36:29","modified_gmt":"2025-06-20T09:36:29","slug":"coliving-mallorca-informacion","status":"publish","type":"page","link":"https:\/\/ewavecoliving.com\/es\/coliving-mallorca-informacion\/","title":{"rendered":"Coliving Mallorca Informaci\u00f3n"},"content":{"rendered":"<div class=\"wpb-content-wrapper\"><p>[vc_row content_placement=\u00bbmiddle\u00bb canvas=\u00bb%5B%7B%22shape%22%3A%22shape-1%22%2C%22image_effect%22%3A%22style-1%22%2C%22smoothness%22%3A%2230%22%7D%5D\u00bb][vc_column][vc_empty_space][\/vc_column][vc_column width=\u00bb2\/3&#8243;]<h2 class=\"deeper-text align-center \" style=\"\" ><h1 class=\"ContactUsstyles__Heading-sc-7kmh39-11 fhGuTy\">Disfruta de Casa Trauntana, un coliving \u00fanico en Mallorca<\/h1>\n<\/h2><h4 class=\"deeper-text align-center \" style=\"font-size:16px;font-family:Roboto;\" ><span>Si est\u00e1 interesado en nuestro espacio de coliving\u2728 puedes rellenar este formulario y nos pondremos en contacto contigo lo antes posible:<\/span>\n<\/h4>\n<div class=\"wpcf7 no-js\" id=\"wpcf7-f4985-o1\" lang=\"es-ES\" dir=\"ltr\" data-wpcf7-id=\"4985\">\n<div class=\"screen-reader-response\"><p role=\"status\" aria-live=\"polite\" aria-atomic=\"true\"><\/p> <ul><\/ul><\/div>\n<form action=\"\/es\/wp-json\/wp\/v2\/pages\/4566#wpcf7-f4985-o1\" method=\"post\" class=\"wpcf7-form init\" aria-label=\"Formulario de contacto\" novalidate=\"novalidate\" data-status=\"init\">\n<div style=\"display: none;\">\n<input type=\"hidden\" name=\"_wpcf7\" value=\"4985\" \/>\n<input type=\"hidden\" name=\"_wpcf7_version\" value=\"6.0.6\" \/>\n<input type=\"hidden\" name=\"_wpcf7_locale\" value=\"es_ES\" \/>\n<input type=\"hidden\" name=\"_wpcf7_unit_tag\" value=\"wpcf7-f4985-o1\" \/>\n<input type=\"hidden\" name=\"_wpcf7_container_post\" value=\"0\" \/>\n<input type=\"hidden\" name=\"_wpcf7_posted_data_hash\" value=\"\" \/>\n<\/div>\n<p><span class=\"wpcf7-form-control-wrap\" data-name=\"your-name\"><input size=\"40\" maxlength=\"400\" class=\"wpcf7-form-control wpcf7-text wpcf7-validates-as-required\" aria-required=\"true\" aria-invalid=\"false\" placeholder=\"Tu Nombre\" value=\"\" type=\"text\" name=\"your-name\" \/><\/span>\n<\/p>\n<div class=\"rango-fechas\">\n\t<p><label>Fechas de estancia<\/label><br \/>\n<span class=\"wpcf7-form-control-wrap\" data-name=\"rango-fechas\"><input size=\"40\" maxlength=\"400\" class=\"wpcf7-form-control wpcf7-text wpcf7-validates-as-required rango-fechas-input\" aria-required=\"true\" aria-invalid=\"false\" placeholder=\"Selecciona fechas\" value=\"\" type=\"text\" name=\"rango-fechas\" \/><\/span>\n\t<\/p>\n<\/div>\n<p><span class=\"wpcf7-form-control-wrap\" data-name=\"your-email\"><input size=\"40\" maxlength=\"400\" class=\"wpcf7-form-control wpcf7-email wpcf7-validates-as-required wpcf7-text wpcf7-validates-as-email\" aria-required=\"true\" aria-invalid=\"false\" placeholder=\"Tu email\" value=\"\" type=\"email\" name=\"your-email\" \/><\/span><br \/>\n<span class=\"wpcf7-form-control-wrap\" data-name=\"tel-476\"><input size=\"40\" maxlength=\"400\" class=\"wpcf7-form-control wpcf7-tel wpcf7-validates-as-required wpcf7-text wpcf7-validates-as-tel\" aria-required=\"true\" aria-invalid=\"false\" placeholder=\"Tu M\u00f3vil\" value=\"\" type=\"tel\" name=\"tel-476\" \/><\/span>\n<\/p>\n<p><span class=\"wpcf7-form-control-wrap\" data-name=\"menu-310\"><select class=\"wpcf7-form-control wpcf7-select wpcf7-validates-as-required\" aria-required=\"true\" aria-invalid=\"false\" name=\"menu-310\"><option value=\"Estoy interesado en\">Estoy interesado en<\/option><option value=\"Habitaci\u00f3n en Suit\">Habitaci\u00f3n en Suit<\/option><option value=\"Habitaci\u00f3n Doble con ba\u00f1o privado\">Habitaci\u00f3n Doble con ba\u00f1o privado<\/option><option value=\"Habitaci\u00f3n doble con ba\u00f1o compartido\">Habitaci\u00f3n doble con ba\u00f1o compartido<\/option><option value=\"Habitaci\u00f3n simple con ba\u00f1o compartido\">Habitaci\u00f3n simple con ba\u00f1o compartido<\/option><\/select><\/span>\n<\/p>\n<p><span class=\"wpcf7-form-control-wrap\" data-name=\"your-message\"><textarea cols=\"40\" rows=\"10\" maxlength=\"2000\" class=\"wpcf7-form-control wpcf7-textarea\" aria-invalid=\"false\" placeholder=\"Cu\u00e9ntenos m\u00e1s sobre ti\" name=\"your-message\"><\/textarea><\/span>\n<\/p>\n<p><span class=\"wpcf7-form-control-wrap\" data-name=\"acceptance-662\"><span class=\"wpcf7-form-control wpcf7-acceptance optional\"><span class=\"wpcf7-list-item\"><label><input type=\"checkbox\" name=\"acceptance-662\" value=\"1\" aria-invalid=\"false\" \/><span class=\"wpcf7-list-item-label\">Me gustar\u00eda suscribirme al bolet\u00edn para recibir informaci\u00f3n sobre eWave<\/span><\/label><\/span><\/span><\/span><br \/>\n<span class=\"wpcf7-form-control-wrap\" data-name=\"acceptance-229\"><span class=\"wpcf7-form-control wpcf7-acceptance optional\"><span class=\"wpcf7-list-item\"><label><input type=\"checkbox\" name=\"acceptance-229\" value=\"1\" aria-invalid=\"false\" \/><span class=\"wpcf7-list-item-label\">Acepto las Pol\u00edticas de Privacidad y de Cookies, y los T\u00e9rminos y Condiciones*<\/span><\/label><\/span><\/span><\/span>\n<\/p>\n<p><input class=\"wpcf7-form-control wpcf7-submit has-spinner\" type=\"submit\" value=\"ENVIAR\" \/>\n<\/p><div class=\"wpcf7-response-output\" aria-hidden=\"true\"><\/div>\n<\/form>\n<\/div>\n[vc_empty_space][\/vc_column][vc_column width=\u00bb1\/3&#8243;][vc_empty_space]<div class=\"deeper-fancy-image simple \" style=\"text-align:center; margin:0 auto;\" >\r\n\t\t\t\t\t\t\t<img decoding=\"async\" alt=\"image\" src=\"https:\/\/ewavecoliving.com\/wp-content\/uploads\/2022\/11\/ewave-banner.jpg\" \/> \r\n\t\t\t\t\t\t<\/div>[vc_empty_space][\/vc_column][\/vc_row][vc_row][vc_column]<div class=\"deeper-spacer clearfix\" data-config='{\"desktop\":120,\"mobile\":120,\"smobile\":90}'><\/div>[vc_single_image image=\u00bb4926&#8243; img_size=\u00bbfull\u00bb alignment=\u00bbcenter\u00bb css=\u00bb\u00bb]<div class=\"deeper-spacer clearfix\" data-config='{\"desktop\":70,\"mobile\":40,\"smobile\":30}'><\/div>[\/vc_column][\/vc_row]<\/p>\n<\/div>","protected":false},"excerpt":{"rendered":"<p>[vc_row content_placement=\u00bbmiddle\u00bb canvas=\u00bb%5B%7B%22shape%22%3A%22shape-1%22%2C%22image_effect%22%3A%22style-1%22%2C%22smoothness%22%3A%2230%22%7D%5D\u00bb][vc_column][vc_empty_space][\/vc_column][vc_column width=\u00bb2\/3&#8243;][vc_empty_space][\/vc_column][vc_column width=\u00bb1\/3&#8243;][vc_empty_space][vc_empty_space][\/vc_column][\/vc_row][vc_row][vc_column][vc_single_image image=\u00bb4926&#8243; img_size=\u00bbfull\u00bb alignment=\u00bbcenter\u00bb css=\u00bb\u00bb][\/vc_column][\/vc_row]<\/p>\n","protected":false},"author":1,"featured_media":0,"parent":0,"menu_order":0,"comment_status":"closed","ping_status":"closed","template":"","meta":{"_monsterinsights_skip_tracking":false,"_monsterinsights_sitenote_active":false,"_monsterinsights_sitenote_note":"","_monsterinsights_sitenote_category":0,"footnotes":""},"class_list":["post-4566","page","type-page","status-publish","hentry"],"yoast_head":"<!-- This site is optimized with the Yoast SEO plugin v25.3 - https:\/\/yoast.com\/wordpress\/plugins\/seo\/ -->\n<title>\u00bfBuscas un espacio de Coworking en Palma? Cont\u00e1ctanos - eWave Coliving<\/title>\n<meta name=\"description\" content=\"Si est\u00e1 interesado en un espacio de Coworking en Palma de Mallorca, no lo dudes haz click y cont\u00e1ctanos. Te esperamos!!!\" \/>\n<meta name=\"robots\" content=\"index, follow, max-snippet:-1, max-image-preview:large, max-video-preview:-1\" \/>\n<link rel=\"canonical\" href=\"https:\/\/ewavecoliving.com\/es\/coliving-mallorca-informacion\/\" \/>\n<meta property=\"og:locale\" content=\"es_ES\" \/>\n<meta property=\"og:type\" content=\"article\" \/>\n<meta property=\"og:title\" content=\"\u00bfBuscas un espacio de Coworking en Palma? Cont\u00e1ctanos - eWave Coliving\" \/>\n<meta property=\"og:description\" content=\"Si est\u00e1 interesado en un espacio de Coworking en Palma de Mallorca, no lo dudes haz click y cont\u00e1ctanos. Te esperamos!!!\" \/>\n<meta property=\"og:url\" content=\"https:\/\/ewavecoliving.com\/es\/coliving-mallorca-informacion\/\" \/>\n<meta property=\"og:site_name\" content=\"eWave Coliving\" \/>\n<meta property=\"article:publisher\" content=\"https:\/\/www.facebook.com\/profile.php?id=100091211139705\" \/>\n<meta property=\"article:modified_time\" content=\"2025-06-20T09:36:29+00:00\" \/>\n<meta name=\"twitter:card\" content=\"summary_large_image\" \/>\n<meta name=\"twitter:label1\" content=\"Tiempo de lectura\" \/>\n\t<meta name=\"twitter:data1\" content=\"1 minuto\" \/>\n<script type=\"application\/ld+json\" class=\"yoast-schema-graph\">{\"@context\":\"https:\/\/schema.org\",\"@graph\":[{\"@type\":\"WebPage\",\"@id\":\"https:\/\/ewavecoliving.com\/es\/coliving-mallorca-informacion\/\",\"url\":\"https:\/\/ewavecoliving.com\/es\/coliving-mallorca-informacion\/\",\"name\":\"\u00bfBuscas un espacio de Coworking en Palma? Cont\u00e1ctanos - eWave Coliving\",\"isPartOf\":{\"@id\":\"https:\/\/ewavecoliving.com\/#website\"},\"datePublished\":\"2022-11-07T16:36:40+00:00\",\"dateModified\":\"2025-06-20T09:36:29+00:00\",\"description\":\"Si est\u00e1 interesado en un espacio de Coworking en Palma de Mallorca, no lo dudes haz click y cont\u00e1ctanos. Te esperamos!!!\",\"breadcrumb\":{\"@id\":\"https:\/\/ewavecoliving.com\/es\/coliving-mallorca-informacion\/#breadcrumb\"},\"inLanguage\":\"es\",\"potentialAction\":[{\"@type\":\"ReadAction\",\"target\":[\"https:\/\/ewavecoliving.com\/es\/coliving-mallorca-informacion\/\"]}]},{\"@type\":\"BreadcrumbList\",\"@id\":\"https:\/\/ewavecoliving.com\/es\/coliving-mallorca-informacion\/#breadcrumb\",\"itemListElement\":[{\"@type\":\"ListItem\",\"position\":1,\"name\":\"Portada\",\"item\":\"https:\/\/ewavecoliving.com\/es\/\"},{\"@type\":\"ListItem\",\"position\":2,\"name\":\"Coliving Mallorca Informaci\u00f3n\"}]},{\"@type\":\"WebSite\",\"@id\":\"https:\/\/ewavecoliving.com\/#website\",\"url\":\"https:\/\/ewavecoliving.com\/\",\"name\":\"eWave Coworking Mallorca\",\"description\":\"Casa Tramuntana\",\"publisher\":{\"@id\":\"https:\/\/ewavecoliving.com\/#organization\"},\"potentialAction\":[{\"@type\":\"SearchAction\",\"target\":{\"@type\":\"EntryPoint\",\"urlTemplate\":\"https:\/\/ewavecoliving.com\/?s={search_term_string}\"},\"query-input\":{\"@type\":\"PropertyValueSpecification\",\"valueRequired\":true,\"valueName\":\"search_term_string\"}}],\"inLanguage\":\"es\"},{\"@type\":\"Organization\",\"@id\":\"https:\/\/ewavecoliving.com\/#organization\",\"name\":\"eWave Mallorca\",\"url\":\"https:\/\/ewavecoliving.com\/\",\"logo\":{\"@type\":\"ImageObject\",\"inLanguage\":\"es\",\"@id\":\"https:\/\/ewavecoliving.com\/#\/schema\/logo\/image\/\",\"url\":\"https:\/\/ewavemallorca.com\/wp-content\/uploads\/2022\/10\/ewave-no-baseline.png\",\"contentUrl\":\"https:\/\/ewavemallorca.com\/wp-content\/uploads\/2022\/10\/ewave-no-baseline.png\",\"width\":1999,\"height\":387,\"caption\":\"eWave Mallorca\"},\"image\":{\"@id\":\"https:\/\/ewavecoliving.com\/#\/schema\/logo\/image\/\"},\"sameAs\":[\"https:\/\/www.facebook.com\/profile.php?id=100091211139705\",\"https:\/\/www.instagram.com\/ewave_mallorca\/\",\"https:\/\/www.linkedin.com\/company\/93342441\/\"]}]}<\/script>\n<!-- \/ Yoast SEO plugin. -->","yoast_head_json":{"title":"\u00bfBuscas un espacio de Coworking en Palma? Cont\u00e1ctanos - eWave Coliving","description":"Si est\u00e1 interesado en un espacio de Coworking en Palma de Mallorca, no lo dudes haz click y cont\u00e1ctanos. Te esperamos!!!","robots":{"index":"index","follow":"follow","max-snippet":"max-snippet:-1","max-image-preview":"max-image-preview:large","max-video-preview":"max-video-preview:-1"},"canonical":"https:\/\/ewavecoliving.com\/es\/coliving-mallorca-informacion\/","og_locale":"es_ES","og_type":"article","og_title":"\u00bfBuscas un espacio de Coworking en Palma? Cont\u00e1ctanos - eWave Coliving","og_description":"Si est\u00e1 interesado en un espacio de Coworking en Palma de Mallorca, no lo dudes haz click y cont\u00e1ctanos. Te esperamos!!!","og_url":"https:\/\/ewavecoliving.com\/es\/coliving-mallorca-informacion\/","og_site_name":"eWave Coliving","article_publisher":"https:\/\/www.facebook.com\/profile.php?id=100091211139705","article_modified_time":"2025-06-20T09:36:29+00:00","twitter_card":"summary_large_image","twitter_misc":{"Tiempo de lectura":"1 minuto"},"schema":{"@context":"https:\/\/schema.org","@graph":[{"@type":"WebPage","@id":"https:\/\/ewavecoliving.com\/es\/coliving-mallorca-informacion\/","url":"https:\/\/ewavecoliving.com\/es\/coliving-mallorca-informacion\/","name":"\u00bfBuscas un espacio de Coworking en Palma? Cont\u00e1ctanos - eWave Coliving","isPartOf":{"@id":"https:\/\/ewavecoliving.com\/#website"},"datePublished":"2022-11-07T16:36:40+00:00","dateModified":"2025-06-20T09:36:29+00:00","description":"Si est\u00e1 interesado en un espacio de Coworking en Palma de Mallorca, no lo dudes haz click y cont\u00e1ctanos. Te esperamos!!!","breadcrumb":{"@id":"https:\/\/ewavecoliving.com\/es\/coliving-mallorca-informacion\/#breadcrumb"},"inLanguage":"es","potentialAction":[{"@type":"ReadAction","target":["https:\/\/ewavecoliving.com\/es\/coliving-mallorca-informacion\/"]}]},{"@type":"BreadcrumbList","@id":"https:\/\/ewavecoliving.com\/es\/coliving-mallorca-informacion\/#breadcrumb","itemListElement":[{"@type":"ListItem","position":1,"name":"Portada","item":"https:\/\/ewavecoliving.com\/es\/"},{"@type":"ListItem","position":2,"name":"Coliving Mallorca Informaci\u00f3n"}]},{"@type":"WebSite","@id":"https:\/\/ewavecoliving.com\/#website","url":"https:\/\/ewavecoliving.com\/","name":"eWave Coworking Mallorca","description":"Casa Tramuntana","publisher":{"@id":"https:\/\/ewavecoliving.com\/#organization"},"potentialAction":[{"@type":"SearchAction","target":{"@type":"EntryPoint","urlTemplate":"https:\/\/ewavecoliving.com\/?s={search_term_string}"},"query-input":{"@type":"PropertyValueSpecification","valueRequired":true,"valueName":"search_term_string"}}],"inLanguage":"es"},{"@type":"Organization","@id":"https:\/\/ewavecoliving.com\/#organization","name":"eWave Mallorca","url":"https:\/\/ewavecoliving.com\/","logo":{"@type":"ImageObject","inLanguage":"es","@id":"https:\/\/ewavecoliving.com\/#\/schema\/logo\/image\/","url":"https:\/\/ewavemallorca.com\/wp-content\/uploads\/2022\/10\/ewave-no-baseline.png","contentUrl":"https:\/\/ewavemallorca.com\/wp-content\/uploads\/2022\/10\/ewave-no-baseline.png","width":1999,"height":387,"caption":"eWave Mallorca"},"image":{"@id":"https:\/\/ewavecoliving.com\/#\/schema\/logo\/image\/"},"sameAs":["https:\/\/www.facebook.com\/profile.php?id=100091211139705","https:\/\/www.instagram.com\/ewave_mallorca\/","https:\/\/www.linkedin.com\/company\/93342441\/"]}]}},"_links":{"self":[{"href":"https:\/\/ewavecoliving.com\/es\/wp-json\/wp\/v2\/pages\/4566","targetHints":{"allow":["GET"]}}],"collection":[{"href":"https:\/\/ewavecoliving.com\/es\/wp-json\/wp\/v2\/pages"}],"about":[{"href":"https:\/\/ewavecoliving.com\/es\/wp-json\/wp\/v2\/types\/page"}],"author":[{"embeddable":true,"href":"https:\/\/ewavecoliving.com\/es\/wp-json\/wp\/v2\/users\/1"}],"replies":[{"embeddable":true,"href":"https:\/\/ewavecoliving.com\/es\/wp-json\/wp\/v2\/comments?post=4566"}],"version-history":[{"count":9,"href":"https:\/\/ewavecoliving.com\/es\/wp-json\/wp\/v2\/pages\/4566\/revisions"}],"predecessor-version":[{"id":5166,"href":"https:\/\/ewavecoliving.com\/es\/wp-json\/wp\/v2\/pages\/4566\/revisions\/5166"}],"wp:attachment":[{"href":"https:\/\/ewavecoliving.com\/es\/wp-json\/wp\/v2\/media?parent=4566"}],"curies":[{"name":"wp","href":"https:\/\/api.w.org\/{rel}","templated":true}]}}