{"id":5051,"date":"2025-06-09T22:41:09","date_gmt":"2025-06-09T20:41:09","guid":{"rendered":"https:\/\/ewavecoliving.com\/propuesta\/?page_id=5051"},"modified":"2025-06-09T23:31:55","modified_gmt":"2025-06-09T21:31:55","slug":"habitacion-en-suite","status":"publish","type":"page","link":"https:\/\/ewavecoliving.com\/es\/habitacion-en-suite\/","title":{"rendered":"Habitaci\u00f3n en Suite"},"content":{"rendered":"<div class=\"wpb-content-wrapper\"><p>[vc_row full_width=\u00bbstretch_row\u00bb canvas=\u00bb%5B%7B%22shape%22%3A%22shape-1%22%2C%22image_effect%22%3A%22style-1%22%2C%22smoothness%22%3A%2230%22%7D%5D\u00bb css=\u00bb.vc_custom_1668677678625{background-color: #f2ece1 !important;}\u00bb][vc_column]<div class=\"deeper-spacer clearfix\" data-config='{\"desktop\":90,\"mobile\":70,\"smobile\":30}'><\/div>[vc_row_inner equal_height=\u00bbyes\u00bb content_placement=\u00bbmiddle\u00bb][vc_column_inner width=\u00bb1\/2&#8243; offset=\u00bbvc_col-lg-offset-1 vc_col-lg-5 vc_col-md-5&#8243;]<h2 class=\"deeper-text align-left \" style=\"margin-bottom:30px;\" ><h3 data-start=\"193\" data-end=\"247\">\ud83d\udecf Habitaci\u00f3n en Suite<br \/>\nPrivacidad, estilo y flow.<\/h3>\n<\/h2><div class=\"deeper-content-box clearfix ctb-203501501 wow fadeInUp\" style=\"\" data-config='{\"padding\":\"0\",\"mobiPadding\":\"0\",\"margin\":\"0\",\"mobiMargin\":\"0\",\"borderStyleHover\":\"solid\"}' data-wow-duration=\"0.75s\" data-wow-delay=\"0.3s\">\r\n\t\t\t\t\t<div class=\"inner \" style=\"\">\r\n\t\t\t\t\t\t<div class=\"deeper-text align-left \" style=\"margin-bottom:0px;\" ><p data-start=\"249\" data-end=\"435\">Tu propio universo dentro del coliving. Esta habitaci\u00f3n <strong data-start=\"307\" data-end=\"342\">doble con ba\u00f1o privado en suite<\/strong> es la opci\u00f3n ideal si buscas total privacidad sin renunciar a la vibra comunitaria de eWave. Amplia, luminosa y con detalles que invitan al descanso, esta habitaci\u00f3n ha sido dise\u00f1ada para que te sientas como en casa desde el primer d\u00eda. Su estilo mezcla lo r\u00fastico y lo contempor\u00e1neo: paredes de piedra mallorquina, textiles suaves, escritorio de trabajo y una distribuci\u00f3n pensada para tu bienestar. \ud83d\udec1 El <strong data-start=\"752\" data-end=\"769\">ba\u00f1o en suite<\/strong> te da la comodidad de tener tu propio espacio personal, donde puedes empezar y cerrar el d\u00eda con calma y a tu ritmo.<\/span>\n<p data-start=\"888\" data-end=\"1048\">\ud83c\udf3f Perfecta para estancias largas, sesiones creativas, llamadas importantes o simplemente para disfrutar de tu paz en medio de la energ\u00eda vibrante del coliving.<\/span>\n<p data-start=\"1050\" data-end=\"1205\">\u2714 Cama doble<br data-start=\"1062\" data-end=\"1065\" \/>\u2714 Mesa de trabajo<br data-start=\"1088\" data-end=\"1091\" \/>\u2714 Wifi de alta velocidad<br data-start=\"1115\" data-end=\"1118\" \/>\u2714 Ropa de cama incluida<br data-start=\"1141\" data-end=\"1144\" \/>\u2714 Armario amplio<br data-start=\"1160\" data-end=\"1163\" \/>\u2714 Limpieza semanal<br data-start=\"1181\" data-end=\"1184\" \/>\u2714 Vistas inspiradoras<\/span>\n<p data-start=\"1207\" data-end=\"1297\">\u2728 <em data-start=\"1209\" data-end=\"1297\">Un espacio para ti, sin aislarte del todo. La mezcla ideal entre intimidad y conexi\u00f3n.<\/em><\/span>\n<\/div><div class=\"deeper-spacer clearfix\" data-config='{\"desktop\":60,\"mobile\":50,\"smobile\":40}'><\/div><div class=\"url-wrap  align-left\" >\r\n\t\t\t\t\t\t<a class=\"deeper-button button-accent medium\" style=\"\" href=https:\/\/ewavecoliving.com\/propuesta\/es\/coliving-mallorca-informacion\/ title=&quot;ColivingEnquire&quot; >Consulta Disponibilidad<span class=\"hover-effect\"><\/span><\/a>\r\n\t\t\t\t\t<\/div>\r\n\t\t\t\t\t<\/div>\r\n\t\t\t\t\t\r\n\t\t\t\t<\/div>[\/vc_column_inner][vc_column_inner width=\u00bb1\/2&#8243; offset=\u00bbvc_col-md-6&#8243;]<div class=\"deeper-parallax-box \"><div class=\"parallax-wrap\"><div class=\"deeper-parallax-item  has-width\" style=\"left:auto;right:0px;width:82.457%;border-radius:10px;box-shadow:0 30px 70px 0 rgba(158,178,183,0.7);\" data-parallax='{ \"y\": 50, \"smoothness\": 30 }' data-top=\"\">\r\n\t\t\t\t\t \t<div class=\"inner\">\r\n\t\t\t\t\t \t\t<div class=\"image-wrap\">\r\n\t\t\t\t\t \t\t\t<img decoding=\"async\" class=\"parallax-image\" src=\"https:\/\/ewavecoliving.com\/wp-content\/uploads\/2025\/06\/studio-suite-ewave-coliving-mallorca.jpg\" alt=\"image\">\r\n\t\t\t\t\t \t\t<\/div>\r\n\t\t\t\t\t \t<\/div>\r\n\t\t\t\t\t<\/div><div class=\"deeper-parallax-item  has-width\" style=\"margin-top:-22%;width:40%;border-radius:10px;\" data-parallax='{ \"y: -50, \"smoothness\": 30 }' data-top=\"-22%\">\r\n\t\t\t\t\t \t<div class=\"inner\">\r\n\t\t\t\t\t \t\t<div class=\"image-wrap\">\r\n\t\t\t\t\t \t\t\t<img decoding=\"async\" class=\"parallax-image\" src=\"https:\/\/ewavecoliving.com\/wp-content\/uploads\/2025\/06\/Recurso-7.png\" alt=\"image\">\r\n\t\t\t\t\t \t\t<\/div>\r\n\t\t\t\t\t \t<\/div>\r\n\t\t\t\t\t<\/div><\/div><\/div><div class=\"deeper-spacer clearfix\" data-config='{\"mobile\":60,\"smobile\":60}'><\/div>[\/vc_column_inner][\/vc_row_inner]<div class=\"deeper-spacer clearfix\" data-config='{\"desktop\":90,\"mobile\":70,\"smobile\":30}'><\/div>[\/vc_column][\/vc_row][vc_row gap=\u00bb15&#8243; column_spacing=\u00bb20px\u00bb canvas=\u00bb%5B%7B%22shape%22%3A%22shape-1%22%2C%22image_effect%22%3A%22style-1%22%2C%22smoothness%22%3A%2230%22%7D%5D\u00bb][vc_column]<div class=\"deeper-spacer clearfix\" data-config='{\"desktop\":90,\"mobile\":70,\"smobile\":30}'><\/div><h2 class=\"deeper-text align-center  wow fadeInUp\" style=\"font-size:36px;line-height:56px;margin-bottom:30px;\"  data-wow-duration=\"0.75s\" data-wow-delay=\"0.3s\"><h2 style=\"text-align: center;\">Conoce tu pr\u00f3xima estancia<\/h2>\n<\/h2>[vc_media_grid element_width=\u00bb3&#8243; item=\u00bb5122&#8243; css=\u00bb\u00bb grid_id=\u00bbvc_gid:1749504689420-4d48ef06-cba6-6&#8243; include=\u00bb5109,5105,5097,5087,5077,5055,5113,5091,5107,5095,5093,5111,5099,5101,5089,5085,5083,5081,5079,4919&#8243;]<div class=\"deeper-spacer clearfix\" data-config='{\"desktop\":150,\"mobile\":120,\"smobile\":80}'><\/div>[\/vc_column][vc_column width=\u00bb1\/2&#8243;]<h2 class=\"deeper-text align-left  wow fadeInUp\" style=\"font-size:36px;line-height:56px;margin-bottom:30px;\"  data-wow-duration=\"0.75s\" data-wow-delay=\"0.3s\"><h2>Otras Habitaciones<\/h2>\n<\/h2><div class=\"deeper-text align-left  text-has-width wow fadeInUp\" style=\"margin-bottom:0px;max-width:560px;\"  data-wow-duration=\"0.75s\" data-wow-delay=\"0.3s\"><p class=\"\" data-start=\"2086\" data-end=\"2248\">Cada habitaci\u00f3n en Ewave est\u00e1 pensada para que te sientas en casa desde el primer d\u00eda. Privadas, c\u00f3modas, con estilo mallorqu\u00edn y ese toque cool que nos define. Disponemos de varias opciones para adaptarnos a tu forma de vivir:<\/span>\n<\/div><div class=\"deeper-spacer clearfix\" data-config='{\"desktop\":90,\"mobile\":70,\"smobile\":50}'><\/div>[vc_tta_accordion shape=\u00bbsquare\u00bb color=\u00bbchino\u00bb c_icon=\u00bbchevron\u00bb active_section=\u00bb0&#8243; collapsible_all=\u00bbtrue\u00bb css=\u00bb.vc_custom_1669317173058{padding-top: 25px !important;padding-right: 25px !important;padding-bottom: 25px !important;padding-left: 25px !important;background-image: url(https:\/\/ewavemallorca.com\/wp-content\/uploads\/2022\/11\/river-water-ground-texture-free-scaled.jpg?id=3190) !important;}\u00bb][vc_tta_section title=\u00bb\ud83d\udecf Habitaci\u00f3n Doble con Ba\u00f1o Compartido\u00bb tab_id=\u00bb1668019315652-a8e2d210-017f415c-fa35&#8243;]<h2 class=\"deeper-text align-left \" style=\"font-size:15px;\" ><h3 class=\"\" data-start=\"935\" data-end=\"1007\">C\u00f3moda y con buena vibra<\/h3>\n<p class=\"\" data-start=\"1008\" data-end=\"1284\">Una opci\u00f3n accesible y s\u00faper c\u00f3moda para compartir la experiencia Ewave.<br data-start=\"1080\" data-end=\"1083\" \/>Habitaci\u00f3n doble con decoraci\u00f3n simple y bonita, y <strong data-start=\"1134\" data-end=\"1173\">ba\u00f1o compartido con otra habitaci\u00f3n<\/strong>.<br data-start=\"1174\" data-end=\"1177\" \/>Un equilibrio entre privacidad y vida compartida.<br data-start=\"1226\" data-end=\"1229\" \/>\ud83d\udcac <em data-start=\"1232\" data-end=\"1284\">Perfecta para sociables que valoran el buen rollo.<\/em><\/span>\n<\/h2><h2 class=\"deeper-text align-left \" style=\"font-size:20px;color:#3d82bf;\" ><span><span style=\"font-weight: 400;\">MORE INFO<\/span><\/span>\n<\/h2>[\/vc_tta_section][\/vc_tta_accordion][vc_tta_accordion shape=\u00bbsquare\u00bb color=\u00bbchino\u00bb c_icon=\u00bbchevron\u00bb active_section=\u00bb0&#8243; collapsible_all=\u00bbtrue\u00bb css=\u00bb.vc_custom_1669317199445{padding-top: 25px !important;padding-right: 25px !important;padding-bottom: 25px !important;padding-left: 25px !important;background-image: url(https:\/\/ewavemallorca.com\/wp-content\/uploads\/2022\/11\/river-water-ground-texture-free-scaled.jpg?id=3190) !important;}\u00bb][vc_tta_section title=\u00bb\ud83d\udecf Habitaci\u00f3n Simple con Ba\u00f1o Compartido\u00bb tab_id=\u00bb1668019314754-c2bd1d2d-1d0b415c-fa35&#8243;]<h2 class=\"deeper-text align-left \" style=\"font-size:15px;\" ><h3 class=\"\" data-start=\"1291\" data-end=\"1359\">Tu espacio esencial<\/h3>\n<p class=\"\" data-start=\"1360\" data-end=\"1654\">Una habitaci\u00f3n individual pensada para quienes buscan una experiencia minimalista, acogedora y con lo justo.<br data-start=\"1468\" data-end=\"1471\" \/><strong data-start=\"1471\" data-end=\"1510\">Ba\u00f1o compartido con otra habitaci\u00f3n<\/strong>, cama individual, zona de trabajo y la misma esencia c\u00e1lida que define Ewave.<br data-start=\"1588\" data-end=\"1591\" \/>\ud83c\udf19 <em data-start=\"1594\" data-end=\"1654\">Ideal para estancias cortas o para quienes viajan ligeros.<\/em><\/span>\n<\/h2><h2 class=\"deeper-text align-left \" style=\"font-size:20px;color:#3d82bf;\" ><span><span style=\"font-weight: 400;\">MORE INFO<\/span><\/span>\n<\/h2>[\/vc_tta_section][\/vc_tta_accordion][\/vc_column][vc_column width=\u00bb1\/2&#8243;][vc_tta_accordion shape=\u00bbsquare\u00bb color=\u00bbchino\u00bb c_icon=\u00bbchevron\u00bb active_section=\u00bb0&#8243; collapsible_all=\u00bbtrue\u00bb css=\u00bb.vc_custom_1669317192067{padding-top: 25px !important;padding-right: 25px !important;padding-bottom: 25px !important;padding-left: 25px !important;background-image: url(https:\/\/ewavemallorca.com\/wp-content\/uploads\/2022\/11\/river-water-ground-texture-free-scaled.jpg?id=3190) !important;}\u00bb][vc_tta_section title=\u00bb\ud83d\udecf Habitaci\u00f3n Doble con Ba\u00f1o Privado\u00bb tab_id=\u00bb1668019324876-df85446e-c324415c-fa35&#8243;]<h2 class=\"deeper-text align-left \" style=\"font-size:15px;\" ><h3 class=\"\" data-start=\"548\" data-end=\"627\">Espacio privado, estilo compartido<\/h3>\n<p class=\"\" data-start=\"628\" data-end=\"928\">Una habitaci\u00f3n amplia, luminosa y acogedora, con <strong data-start=\"677\" data-end=\"693\">ba\u00f1o privado<\/strong> justo al lado de la habitaci\u00f3n (no en suite).<br data-start=\"739\" data-end=\"742\" \/>Disfruta de tu intimidad con el equilibrio perfecto entre independencia y conexi\u00f3n con la comunidad.<br data-start=\"842\" data-end=\"845\" \/>\ud83c\udf3f <em data-start=\"848\" data-end=\"928\">Ideal para quienes quieren su propio espacio sin perderse la energ\u00eda de Ewave.<\/em><\/span>\n<\/h2><h2 class=\"deeper-text align-left \" style=\"font-size:20px;color:#3d82bf;\" ><span><span style=\"font-weight: 400;\">MORE INFO<\/span><\/span>\n<\/h2>[\/vc_tta_section][\/vc_tta_accordion]<div class=\"deeper-spacer clearfix\" data-config='{\"desktop\":90,\"mobile\":50,\"smobile\":50}'><\/div><div class=\"deeper-parallax-box \"><div class=\"parallax-wrap\"><div class=\" wow fadeInDown\"  data-wow-duration=\"0.75s\" data-wow-delay=\"0.3s\">\r\n\t\t\t\t\t\t<div class=\"deeper-parallax-item  has-width\" style=\"left:auto;right:-30px;margin-top:-20px;width:82.456%;border-radius:10px;\" data-parallax='{ \"x\": -50, \"smoothness\": 30 }' data-top=\"-20px\">\r\n\t\t\t\t\t\t \t<div class=\"inner\">\r\n\t\t\t\t\t\t \t\t<img decoding=\"async\" class=\"parallax-image\" src=\"https:\/\/ewavecoliving.com\/wp-content\/uploads\/2025\/05\/65A5E8B0-A77F-4E55-82E3-E3FD1083288D_1_105_c.jpeg\" alt=\"image\">\r\n\t\t\t\t\t\t \t<\/div>\r\n\t\t\t\t\t\t<\/div>\r\n\t\t\t\t\t<\/div><div class=\" wow fadeInLeft\"  data-wow-duration=\"0.75s\" data-wow-delay=\"0.3s\">\r\n\t\t\t\t\t\t<div class=\"deeper-parallax-item  has-width\" style=\"left:-30px;margin-top:20%;width:52.632%;border-radius:10px;box-shadow:0 30px 70px 0 rgba(158,178,183,0.7);\" data-parallax='{ \"x\": 50, \"smoothness\": 30 }' data-top=\"20%\">\r\n\t\t\t\t\t\t \t<div class=\"inner\">\r\n\t\t\t\t\t\t \t\t<img decoding=\"async\" class=\"parallax-image\" src=\"https:\/\/ewavecoliving.com\/wp-content\/uploads\/2025\/05\/Casa-Tramuntana-Coliving-ewave-mallorca-room-cut.jpeg\" alt=\"image\">\r\n\t\t\t\t\t\t \t<\/div>\r\n\t\t\t\t\t\t<\/div>\r\n\t\t\t\t\t<\/div><\/div><\/div>[\/vc_column][\/vc_row][vc_row][vc_column]<div class=\"deeper-spacer clearfix\" data-config='{\"desktop\":120,\"mobile\":120,\"smobile\":90}'><\/div>[vc_single_image image=\u00bb4926&#8243; img_size=\u00bbfull\u00bb alignment=\u00bbcenter\u00bb css=\u00bb\u00bb]<div class=\"deeper-spacer clearfix\" data-config='{\"desktop\":70,\"mobile\":40,\"smobile\":30}'><\/div>[\/vc_column][\/vc_row]<\/p>\n<\/div>","protected":false},"excerpt":{"rendered":"<p>[vc_row full_width=\u00bbstretch_row\u00bb canvas=\u00bb%5B%7B%22shape%22%3A%22shape-1%22%2C%22image_effect%22%3A%22style-1%22%2C%22smoothness%22%3A%2230%22%7D%5D\u00bb css=\u00bb.vc_custom_1668677678625{background-color: #f2ece1 !important;}\u00bb][vc_column][vc_row_inner equal_height=\u00bbyes\u00bb content_placement=\u00bbmiddle\u00bb][vc_column_inner width=\u00bb1\/2&#8243; offset=\u00bbvc_col-lg-offset-1 vc_col-lg-5 vc_col-md-5&#8243;][\/vc_column_inner][vc_column_inner width=\u00bb1\/2&#8243; offset=\u00bbvc_col-md-6&#8243;][\/vc_column_inner][\/vc_row_inner][\/vc_column][\/vc_row][vc_row gap=\u00bb15&#8243; column_spacing=\u00bb20px\u00bb canvas=\u00bb%5B%7B%22shape%22%3A%22shape-1%22%2C%22image_effect%22%3A%22style-1%22%2C%22smoothness%22%3A%2230%22%7D%5D\u00bb][vc_column][vc_media_grid element_width=\u00bb3&#8243; item=\u00bb5122&#8243; css=\u00bb\u00bb grid_id=\u00bbvc_gid:1749504689420-4d48ef06-cba6-6&#8243; include=\u00bb5109,5105,5097,5087,5077,5055,5113,5091,5107,5095,5093,5111,5099,5101,5089,5085,5083,5081,5079,4919&#8243;][\/vc_column][vc_column width=\u00bb1\/2&#8243;][vc_tta_accordion shape=\u00bbsquare\u00bb color=\u00bbchino\u00bb c_icon=\u00bbchevron\u00bb active_section=\u00bb0&#8243; collapsible_all=\u00bbtrue\u00bb css=\u00bb.vc_custom_1669317173058{padding-top: 25px !important;padding-right: 25px !important;padding-bottom: 25px !important;padding-left: 25px !important;background-image: url(https:\/\/ewavemallorca.com\/wp-content\/uploads\/2022\/11\/river-water-ground-texture-free-scaled.jpg?id=3190) !important;}\u00bb][vc_tta_section title=\u00bb\ud83d\udecf Habitaci\u00f3n Doble con Ba\u00f1o Compartido\u00bb tab_id=\u00bb1668019315652-a8e2d210-017f415c-fa35&#8243;][\/vc_tta_section][\/vc_tta_accordion][vc_tta_accordion shape=\u00bbsquare\u00bb color=\u00bbchino\u00bb c_icon=\u00bbchevron\u00bb active_section=\u00bb0&#8243;<\/p>\n","protected":false},"author":1,"featured_media":0,"parent":0,"menu_order":0,"comment_status":"closed","ping_status":"closed","template":"","meta":{"_monsterinsights_skip_tracking":false,"_monsterinsights_sitenote_active":false,"_monsterinsights_sitenote_note":"","_monsterinsights_sitenote_category":0,"footnotes":""},"class_list":["post-5051","page","type-page","status-publish","hentry"],"yoast_head":"<!-- This site is optimized with the Yoast SEO plugin v25.3 - https:\/\/yoast.com\/wordpress\/plugins\/seo\/ -->\n<title>Habitaci\u00f3n en Suite - eWave Coliving<\/title>\n<meta name=\"robots\" content=\"index, follow, max-snippet:-1, max-image-preview:large, max-video-preview:-1\" \/>\n<link rel=\"canonical\" href=\"https:\/\/ewavecoliving.com\/es\/habitacion-en-suite\/\" \/>\n<meta property=\"og:locale\" content=\"es_ES\" \/>\n<meta property=\"og:type\" content=\"article\" \/>\n<meta property=\"og:title\" content=\"Habitaci\u00f3n en Suite - eWave Coliving\" \/>\n<meta property=\"og:description\" content=\"[vc_row full_width=\u00bbstretch_row\u00bb canvas=\u00bb%5B%7B%22shape%22%3A%22shape-1%22%2C%22image_effect%22%3A%22style-1%22%2C%22smoothness%22%3A%2230%22%7D%5D\u00bb css=\u00bb.vc_custom_1668677678625{background-color: #f2ece1 !important;}\u00bb][vc_column][vc_row_inner equal_height=\u00bbyes\u00bb content_placement=\u00bbmiddle\u00bb][vc_column_inner width=\u00bb1\/2&#8243; offset=\u00bbvc_col-lg-offset-1 vc_col-lg-5 vc_col-md-5&#8243;][\/vc_column_inner][vc_column_inner width=\u00bb1\/2&#8243; offset=\u00bbvc_col-md-6&#8243;][\/vc_column_inner][\/vc_row_inner][\/vc_column][\/vc_row][vc_row gap=\u00bb15&#8243; column_spacing=\u00bb20px\u00bb canvas=\u00bb%5B%7B%22shape%22%3A%22shape-1%22%2C%22image_effect%22%3A%22style-1%22%2C%22smoothness%22%3A%2230%22%7D%5D\u00bb][vc_column][vc_media_grid element_width=\u00bb3&#8243; item=\u00bb5122&#8243; css=\u00bb\u00bb grid_id=\u00bbvc_gid:1749504689420-4d48ef06-cba6-6&#8243; include=\u00bb5109,5105,5097,5087,5077,5055,5113,5091,5107,5095,5093,5111,5099,5101,5089,5085,5083,5081,5079,4919&#8243;][\/vc_column][vc_column width=\u00bb1\/2&#8243;][vc_tta_accordion shape=\u00bbsquare\u00bb color=\u00bbchino\u00bb c_icon=\u00bbchevron\u00bb active_section=\u00bb0&#8243; collapsible_all=\u00bbtrue\u00bb css=\u00bb.vc_custom_1669317173058{padding-top: 25px !important;padding-right: 25px !important;padding-bottom: 25px !important;padding-left: 25px !important;background-image: url(https:\/\/ewavemallorca.com\/wp-content\/uploads\/2022\/11\/river-water-ground-texture-free-scaled.jpg?id=3190) !important;}\u00bb][vc_tta_section title=\u00bb\ud83d\udecf Habitaci\u00f3n Doble con Ba\u00f1o Compartido\u00bb tab_id=\u00bb1668019315652-a8e2d210-017f415c-fa35&#8243;][\/vc_tta_section][\/vc_tta_accordion][vc_tta_accordion shape=\u00bbsquare\u00bb color=\u00bbchino\u00bb c_icon=\u00bbchevron\u00bb active_section=\u00bb0&#8243;\" \/>\n<meta property=\"og:url\" content=\"https:\/\/ewavecoliving.com\/es\/habitacion-en-suite\/\" \/>\n<meta property=\"og:site_name\" content=\"eWave Coliving\" \/>\n<meta property=\"article:publisher\" content=\"https:\/\/www.facebook.com\/profile.php?id=100091211139705\" \/>\n<meta property=\"article:modified_time\" content=\"2025-06-09T21:31:55+00:00\" \/>\n<meta name=\"twitter:card\" content=\"summary_large_image\" \/>\n<meta name=\"twitter:label1\" content=\"Tiempo de lectura\" \/>\n\t<meta name=\"twitter:data1\" content=\"8 minutos\" \/>\n<script type=\"application\/ld+json\" class=\"yoast-schema-graph\">{\"@context\":\"https:\/\/schema.org\",\"@graph\":[{\"@type\":\"WebPage\",\"@id\":\"https:\/\/ewavecoliving.com\/es\/habitacion-en-suite\/\",\"url\":\"https:\/\/ewavecoliving.com\/es\/habitacion-en-suite\/\",\"name\":\"Habitaci\u00f3n en Suite - eWave Coliving\",\"isPartOf\":{\"@id\":\"https:\/\/ewavecoliving.com\/#website\"},\"datePublished\":\"2025-06-09T20:41:09+00:00\",\"dateModified\":\"2025-06-09T21:31:55+00:00\",\"breadcrumb\":{\"@id\":\"https:\/\/ewavecoliving.com\/es\/habitacion-en-suite\/#breadcrumb\"},\"inLanguage\":\"es\",\"potentialAction\":[{\"@type\":\"ReadAction\",\"target\":[\"https:\/\/ewavecoliving.com\/es\/habitacion-en-suite\/\"]}]},{\"@type\":\"BreadcrumbList\",\"@id\":\"https:\/\/ewavecoliving.com\/es\/habitacion-en-suite\/#breadcrumb\",\"itemListElement\":[{\"@type\":\"ListItem\",\"position\":1,\"name\":\"Portada\",\"item\":\"https:\/\/ewavecoliving.com\/es\/\"},{\"@type\":\"ListItem\",\"position\":2,\"name\":\"Habitaci\u00f3n en Suite\"}]},{\"@type\":\"WebSite\",\"@id\":\"https:\/\/ewavecoliving.com\/#website\",\"url\":\"https:\/\/ewavecoliving.com\/\",\"name\":\"eWave Coworking Mallorca\",\"description\":\"Casa Tramuntana\",\"publisher\":{\"@id\":\"https:\/\/ewavecoliving.com\/#organization\"},\"potentialAction\":[{\"@type\":\"SearchAction\",\"target\":{\"@type\":\"EntryPoint\",\"urlTemplate\":\"https:\/\/ewavecoliving.com\/?s={search_term_string}\"},\"query-input\":{\"@type\":\"PropertyValueSpecification\",\"valueRequired\":true,\"valueName\":\"search_term_string\"}}],\"inLanguage\":\"es\"},{\"@type\":\"Organization\",\"@id\":\"https:\/\/ewavecoliving.com\/#organization\",\"name\":\"eWave Mallorca\",\"url\":\"https:\/\/ewavecoliving.com\/\",\"logo\":{\"@type\":\"ImageObject\",\"inLanguage\":\"es\",\"@id\":\"https:\/\/ewavecoliving.com\/#\/schema\/logo\/image\/\",\"url\":\"https:\/\/ewavemallorca.com\/wp-content\/uploads\/2022\/10\/ewave-no-baseline.png\",\"contentUrl\":\"https:\/\/ewavemallorca.com\/wp-content\/uploads\/2022\/10\/ewave-no-baseline.png\",\"width\":1999,\"height\":387,\"caption\":\"eWave Mallorca\"},\"image\":{\"@id\":\"https:\/\/ewavecoliving.com\/#\/schema\/logo\/image\/\"},\"sameAs\":[\"https:\/\/www.facebook.com\/profile.php?id=100091211139705\",\"https:\/\/www.instagram.com\/ewave_mallorca\/\",\"https:\/\/www.linkedin.com\/company\/93342441\/\"]}]}<\/script>\n<!-- \/ Yoast SEO plugin. -->","yoast_head_json":{"title":"Habitaci\u00f3n en Suite - eWave Coliving","robots":{"index":"index","follow":"follow","max-snippet":"max-snippet:-1","max-image-preview":"max-image-preview:large","max-video-preview":"max-video-preview:-1"},"canonical":"https:\/\/ewavecoliving.com\/es\/habitacion-en-suite\/","og_locale":"es_ES","og_type":"article","og_title":"Habitaci\u00f3n en Suite - eWave Coliving","og_description":"[vc_row full_width=\u00bbstretch_row\u00bb canvas=\u00bb%5B%7B%22shape%22%3A%22shape-1%22%2C%22image_effect%22%3A%22style-1%22%2C%22smoothness%22%3A%2230%22%7D%5D\u00bb css=\u00bb.vc_custom_1668677678625{background-color: #f2ece1 !important;}\u00bb][vc_column][vc_row_inner equal_height=\u00bbyes\u00bb content_placement=\u00bbmiddle\u00bb][vc_column_inner width=\u00bb1\/2&#8243; offset=\u00bbvc_col-lg-offset-1 vc_col-lg-5 vc_col-md-5&#8243;][\/vc_column_inner][vc_column_inner width=\u00bb1\/2&#8243; offset=\u00bbvc_col-md-6&#8243;][\/vc_column_inner][\/vc_row_inner][\/vc_column][\/vc_row][vc_row gap=\u00bb15&#8243; column_spacing=\u00bb20px\u00bb canvas=\u00bb%5B%7B%22shape%22%3A%22shape-1%22%2C%22image_effect%22%3A%22style-1%22%2C%22smoothness%22%3A%2230%22%7D%5D\u00bb][vc_column][vc_media_grid element_width=\u00bb3&#8243; item=\u00bb5122&#8243; css=\u00bb\u00bb grid_id=\u00bbvc_gid:1749504689420-4d48ef06-cba6-6&#8243; include=\u00bb5109,5105,5097,5087,5077,5055,5113,5091,5107,5095,5093,5111,5099,5101,5089,5085,5083,5081,5079,4919&#8243;][\/vc_column][vc_column width=\u00bb1\/2&#8243;][vc_tta_accordion shape=\u00bbsquare\u00bb color=\u00bbchino\u00bb c_icon=\u00bbchevron\u00bb active_section=\u00bb0&#8243; collapsible_all=\u00bbtrue\u00bb css=\u00bb.vc_custom_1669317173058{padding-top: 25px !important;padding-right: 25px !important;padding-bottom: 25px !important;padding-left: 25px !important;background-image: url(https:\/\/ewavemallorca.com\/wp-content\/uploads\/2022\/11\/river-water-ground-texture-free-scaled.jpg?id=3190) !important;}\u00bb][vc_tta_section title=\u00bb\ud83d\udecf Habitaci\u00f3n Doble con Ba\u00f1o Compartido\u00bb tab_id=\u00bb1668019315652-a8e2d210-017f415c-fa35&#8243;][\/vc_tta_section][\/vc_tta_accordion][vc_tta_accordion shape=\u00bbsquare\u00bb color=\u00bbchino\u00bb c_icon=\u00bbchevron\u00bb active_section=\u00bb0&#8243;","og_url":"https:\/\/ewavecoliving.com\/es\/habitacion-en-suite\/","og_site_name":"eWave Coliving","article_publisher":"https:\/\/www.facebook.com\/profile.php?id=100091211139705","article_modified_time":"2025-06-09T21:31:55+00:00","twitter_card":"summary_large_image","twitter_misc":{"Tiempo de lectura":"8 minutos"},"schema":{"@context":"https:\/\/schema.org","@graph":[{"@type":"WebPage","@id":"https:\/\/ewavecoliving.com\/es\/habitacion-en-suite\/","url":"https:\/\/ewavecoliving.com\/es\/habitacion-en-suite\/","name":"Habitaci\u00f3n en Suite - eWave Coliving","isPartOf":{"@id":"https:\/\/ewavecoliving.com\/#website"},"datePublished":"2025-06-09T20:41:09+00:00","dateModified":"2025-06-09T21:31:55+00:00","breadcrumb":{"@id":"https:\/\/ewavecoliving.com\/es\/habitacion-en-suite\/#breadcrumb"},"inLanguage":"es","potentialAction":[{"@type":"ReadAction","target":["https:\/\/ewavecoliving.com\/es\/habitacion-en-suite\/"]}]},{"@type":"BreadcrumbList","@id":"https:\/\/ewavecoliving.com\/es\/habitacion-en-suite\/#breadcrumb","itemListElement":[{"@type":"ListItem","position":1,"name":"Portada","item":"https:\/\/ewavecoliving.com\/es\/"},{"@type":"ListItem","position":2,"name":"Habitaci\u00f3n en Suite"}]},{"@type":"WebSite","@id":"https:\/\/ewavecoliving.com\/#website","url":"https:\/\/ewavecoliving.com\/","name":"eWave Coworking Mallorca","description":"Casa Tramuntana","publisher":{"@id":"https:\/\/ewavecoliving.com\/#organization"},"potentialAction":[{"@type":"SearchAction","target":{"@type":"EntryPoint","urlTemplate":"https:\/\/ewavecoliving.com\/?s={search_term_string}"},"query-input":{"@type":"PropertyValueSpecification","valueRequired":true,"valueName":"search_term_string"}}],"inLanguage":"es"},{"@type":"Organization","@id":"https:\/\/ewavecoliving.com\/#organization","name":"eWave Mallorca","url":"https:\/\/ewavecoliving.com\/","logo":{"@type":"ImageObject","inLanguage":"es","@id":"https:\/\/ewavecoliving.com\/#\/schema\/logo\/image\/","url":"https:\/\/ewavemallorca.com\/wp-content\/uploads\/2022\/10\/ewave-no-baseline.png","contentUrl":"https:\/\/ewavemallorca.com\/wp-content\/uploads\/2022\/10\/ewave-no-baseline.png","width":1999,"height":387,"caption":"eWave Mallorca"},"image":{"@id":"https:\/\/ewavecoliving.com\/#\/schema\/logo\/image\/"},"sameAs":["https:\/\/www.facebook.com\/profile.php?id=100091211139705","https:\/\/www.instagram.com\/ewave_mallorca\/","https:\/\/www.linkedin.com\/company\/93342441\/"]}]}},"_links":{"self":[{"href":"https:\/\/ewavecoliving.com\/es\/wp-json\/wp\/v2\/pages\/5051","targetHints":{"allow":["GET"]}}],"collection":[{"href":"https:\/\/ewavecoliving.com\/es\/wp-json\/wp\/v2\/pages"}],"about":[{"href":"https:\/\/ewavecoliving.com\/es\/wp-json\/wp\/v2\/types\/page"}],"author":[{"embeddable":true,"href":"https:\/\/ewavecoliving.com\/es\/wp-json\/wp\/v2\/users\/1"}],"replies":[{"embeddable":true,"href":"https:\/\/ewavecoliving.com\/es\/wp-json\/wp\/v2\/comments?post=5051"}],"version-history":[{"count":28,"href":"https:\/\/ewavecoliving.com\/es\/wp-json\/wp\/v2\/pages\/5051\/revisions"}],"predecessor-version":[{"id":5125,"href":"https:\/\/ewavecoliving.com\/es\/wp-json\/wp\/v2\/pages\/5051\/revisions\/5125"}],"wp:attachment":[{"href":"https:\/\/ewavecoliving.com\/es\/wp-json\/wp\/v2\/media?parent=5051"}],"curies":[{"name":"wp","href":"https:\/\/api.w.org\/{rel}","templated":true}]}}